{"id":520,"date":"2024-10-07T16:05:33","date_gmt":"2024-10-07T16:05:33","guid":{"rendered":"https:\/\/xpressautotags.com\/?post_type=product&#038;p=520"},"modified":"2025-02-20T03:06:04","modified_gmt":"2025-02-20T03:06:04","slug":"free-auto-insurance-quoting","status":"publish","type":"product","link":"https:\/\/xpressautotags.com\/es\/product\/free-auto-insurance-quoting\/","title":{"rendered":"Cotizaci\u00f3n de seguro de autom\u00f3vil gratuita"},"content":{"rendered":"<p align=\"left\">Con nuestro servicio gratuito de cotizaci\u00f3n de seguros de auto, puedes obtener f\u00e1cilmente una cotizaci\u00f3n de manera r\u00e1pida y totalmente gratuita, as\u00ed no gastar\u00e1s nada hasta conocer el precio exacto de cada plan. Consigue el mejor seguro para ti al mejor precio.<\/p>\n<p>Si tienes alguna pregunta o necesitas ayuda, no dudes en contactarnos al <a href=\"tel: 18132365981\"> 813-236-5981<\/a> o enviarnos un mensaje de texto al <a href=\"tel: 18137758547\">813-775-8547<\/a>. Estamos aqu\u00ed para ayudarte!<\/p>","protected":false},"excerpt":{"rendered":"<p>Take the guesswork out of finding the right auto insurance. With our free auto insurance quoting service, you can easily get a personalized quote without any commitment or cost. No hidden fees, just a straightforward quote to help you get the best insurance for you. If you have any questions or need assistance, don\u2019t hesitate [&hellip;]<\/p>","protected":false},"featured_media":384,"template":"","meta":[],"product_cat":[24],"product_tag":[],"class_list":{"0":"post-520","1":"product","2":"type-product","3":"status-publish","4":"has-post-thumbnail","6":"product_cat-free-auto-insurance-quoting","7":"tm-no-options","9":"first","10":"instock","11":"virtual","12":"taxable","13":"purchasable","14":"product-type-simple"},"yoast_head":"<!-- This site is optimized with the Yoast SEO plugin v24.5 - https:\/\/yoast.com\/wordpress\/plugins\/seo\/ -->\n<title>Free Auto Insurance Quoting - Xpress Auto Tag<\/title>\n<meta name=\"robots\" content=\"index, follow, max-snippet:-1, max-image-preview:large, max-video-preview:-1\" \/>\n<link rel=\"canonical\" href=\"https:\/\/xpressautotags.com\/es\/product\/free-auto-insurance-quoting\/\" \/>\n<meta property=\"og:locale\" content=\"es_ES\" \/>\n<meta property=\"og:type\" content=\"article\" \/>\n<meta property=\"og:title\" content=\"Free Auto Insurance Quoting - Xpress Auto Tag\" \/>\n<meta property=\"og:description\" content=\"Take the guesswork out of finding the right auto insurance. With our free auto insurance quoting service, you can easily get a personalized quote without any commitment or cost. No hidden fees, just a straightforward quote to help you get the best insurance for you. If you have any questions or need assistance, don\u2019t hesitate [&hellip;]\" \/>\n<meta property=\"og:url\" content=\"https:\/\/xpressautotags.com\/es\/product\/free-auto-insurance-quoting\/\" \/>\n<meta property=\"og:site_name\" content=\"Xpress Auto Tag\" \/>\n<meta property=\"article:modified_time\" content=\"2025-02-20T03:06:04+00:00\" \/>\n<meta property=\"og:image\" content=\"https:\/\/xpressautotags.com\/wp-content\/uploads\/2024\/10\/3037.webp\" \/>\n\t<meta property=\"og:image:width\" content=\"1000\" \/>\n\t<meta property=\"og:image:height\" content=\"500\" \/>\n\t<meta property=\"og:image:type\" content=\"image\/webp\" \/>\n<meta name=\"twitter:card\" content=\"summary_large_image\" \/>\n<meta name=\"twitter:label1\" content=\"Tiempo de lectura\" \/>\n\t<meta name=\"twitter:data1\" content=\"1 minuto\" \/>\n<script type=\"application\/ld+json\" class=\"yoast-schema-graph\">{\"@context\":\"https:\/\/schema.org\",\"@graph\":[{\"@type\":\"WebPage\",\"@id\":\"https:\/\/xpressautotags.com\/product\/free-auto-insurance-quoting\/\",\"url\":\"https:\/\/xpressautotags.com\/product\/free-auto-insurance-quoting\/\",\"name\":\"Free Auto Insurance Quoting - Xpress Auto Tag\",\"isPartOf\":{\"@id\":\"https:\/\/xpressautotags.com\/#website\"},\"primaryImageOfPage\":{\"@id\":\"https:\/\/xpressautotags.com\/product\/free-auto-insurance-quoting\/#primaryimage\"},\"image\":{\"@id\":\"https:\/\/xpressautotags.com\/product\/free-auto-insurance-quoting\/#primaryimage\"},\"thumbnailUrl\":\"https:\/\/xpressautotags.com\/wp-content\/uploads\/2024\/10\/3037.webp\",\"datePublished\":\"2024-10-07T16:05:33+00:00\",\"dateModified\":\"2025-02-20T03:06:04+00:00\",\"breadcrumb\":{\"@id\":\"https:\/\/xpressautotags.com\/product\/free-auto-insurance-quoting\/#breadcrumb\"},\"inLanguage\":\"es\",\"potentialAction\":[{\"@type\":\"ReadAction\",\"target\":[\"https:\/\/xpressautotags.com\/product\/free-auto-insurance-quoting\/\"]}]},{\"@type\":\"ImageObject\",\"inLanguage\":\"es\",\"@id\":\"https:\/\/xpressautotags.com\/product\/free-auto-insurance-quoting\/#primaryimage\",\"url\":\"https:\/\/xpressautotags.com\/wp-content\/uploads\/2024\/10\/3037.webp\",\"contentUrl\":\"https:\/\/xpressautotags.com\/wp-content\/uploads\/2024\/10\/3037.webp\",\"width\":1000,\"height\":500},{\"@type\":\"BreadcrumbList\",\"@id\":\"https:\/\/xpressautotags.com\/product\/free-auto-insurance-quoting\/#breadcrumb\",\"itemListElement\":[{\"@type\":\"ListItem\",\"position\":1,\"name\":\"Home\",\"item\":\"https:\/\/xpressautotags.com\/\"},{\"@type\":\"ListItem\",\"position\":2,\"name\":\"Shop\",\"item\":\"https:\/\/xpressautotags.com\/shop\/\"},{\"@type\":\"ListItem\",\"position\":3,\"name\":\"Free Auto Insurance Quoting\"}]},{\"@type\":\"WebSite\",\"@id\":\"https:\/\/xpressautotags.com\/#website\",\"url\":\"https:\/\/xpressautotags.com\/\",\"name\":\"Xpress Auto Tag\",\"description\":\"\",\"publisher\":{\"@id\":\"https:\/\/xpressautotags.com\/#organization\"},\"potentialAction\":[{\"@type\":\"SearchAction\",\"target\":{\"@type\":\"EntryPoint\",\"urlTemplate\":\"https:\/\/xpressautotags.com\/?s={search_term_string}\"},\"query-input\":{\"@type\":\"PropertyValueSpecification\",\"valueRequired\":true,\"valueName\":\"search_term_string\"}}],\"inLanguage\":\"es\"},{\"@type\":\"Organization\",\"@id\":\"https:\/\/xpressautotags.com\/#organization\",\"name\":\"Xpress Auto Tag\",\"url\":\"https:\/\/xpressautotags.com\/\",\"logo\":{\"@type\":\"ImageObject\",\"inLanguage\":\"es\",\"@id\":\"https:\/\/xpressautotags.com\/#\/schema\/logo\/image\/\",\"url\":\"https:\/\/xpressautotags.com\/wp-content\/uploads\/2024\/12\/cropped-Xpress-Auto-Tag-Logo-08-e1734630989455.png\",\"contentUrl\":\"https:\/\/xpressautotags.com\/wp-content\/uploads\/2024\/12\/cropped-Xpress-Auto-Tag-Logo-08-e1734630989455.png\",\"width\":100,\"height\":100,\"caption\":\"Xpress Auto Tag\"},\"image\":{\"@id\":\"https:\/\/xpressautotags.com\/#\/schema\/logo\/image\/\"}}]}<\/script>\n<!-- \/ Yoast SEO plugin. -->","yoast_head_json":{"title":"Free Auto Insurance Quoting - Xpress Auto Tag","robots":{"index":"index","follow":"follow","max-snippet":"max-snippet:-1","max-image-preview":"max-image-preview:large","max-video-preview":"max-video-preview:-1"},"canonical":"https:\/\/xpressautotags.com\/es\/product\/free-auto-insurance-quoting\/","og_locale":"es_ES","og_type":"article","og_title":"Free Auto Insurance Quoting - Xpress Auto Tag","og_description":"Take the guesswork out of finding the right auto insurance. With our free auto insurance quoting service, you can easily get a personalized quote without any commitment or cost. No hidden fees, just a straightforward quote to help you get the best insurance for you. If you have any questions or need assistance, don\u2019t hesitate [&hellip;]","og_url":"https:\/\/xpressautotags.com\/es\/product\/free-auto-insurance-quoting\/","og_site_name":"Xpress Auto Tag","article_modified_time":"2025-02-20T03:06:04+00:00","og_image":[{"width":1000,"height":500,"url":"https:\/\/xpressautotags.com\/wp-content\/uploads\/2024\/10\/3037.webp","type":"image\/webp"}],"twitter_card":"summary_large_image","twitter_misc":{"Tiempo de lectura":"1 minuto"},"schema":{"@context":"https:\/\/schema.org","@graph":[{"@type":"WebPage","@id":"https:\/\/xpressautotags.com\/product\/free-auto-insurance-quoting\/","url":"https:\/\/xpressautotags.com\/product\/free-auto-insurance-quoting\/","name":"Free Auto Insurance Quoting - Xpress Auto Tag","isPartOf":{"@id":"https:\/\/xpressautotags.com\/#website"},"primaryImageOfPage":{"@id":"https:\/\/xpressautotags.com\/product\/free-auto-insurance-quoting\/#primaryimage"},"image":{"@id":"https:\/\/xpressautotags.com\/product\/free-auto-insurance-quoting\/#primaryimage"},"thumbnailUrl":"https:\/\/xpressautotags.com\/wp-content\/uploads\/2024\/10\/3037.webp","datePublished":"2024-10-07T16:05:33+00:00","dateModified":"2025-02-20T03:06:04+00:00","breadcrumb":{"@id":"https:\/\/xpressautotags.com\/product\/free-auto-insurance-quoting\/#breadcrumb"},"inLanguage":"es","potentialAction":[{"@type":"ReadAction","target":["https:\/\/xpressautotags.com\/product\/free-auto-insurance-quoting\/"]}]},{"@type":"ImageObject","inLanguage":"es","@id":"https:\/\/xpressautotags.com\/product\/free-auto-insurance-quoting\/#primaryimage","url":"https:\/\/xpressautotags.com\/wp-content\/uploads\/2024\/10\/3037.webp","contentUrl":"https:\/\/xpressautotags.com\/wp-content\/uploads\/2024\/10\/3037.webp","width":1000,"height":500},{"@type":"BreadcrumbList","@id":"https:\/\/xpressautotags.com\/product\/free-auto-insurance-quoting\/#breadcrumb","itemListElement":[{"@type":"ListItem","position":1,"name":"Home","item":"https:\/\/xpressautotags.com\/"},{"@type":"ListItem","position":2,"name":"Shop","item":"https:\/\/xpressautotags.com\/shop\/"},{"@type":"ListItem","position":3,"name":"Free Auto Insurance Quoting"}]},{"@type":"WebSite","@id":"https:\/\/xpressautotags.com\/#website","url":"https:\/\/xpressautotags.com\/","name":"Xpress Auto Tag","description":"","publisher":{"@id":"https:\/\/xpressautotags.com\/#organization"},"potentialAction":[{"@type":"SearchAction","target":{"@type":"EntryPoint","urlTemplate":"https:\/\/xpressautotags.com\/?s={search_term_string}"},"query-input":{"@type":"PropertyValueSpecification","valueRequired":true,"valueName":"search_term_string"}}],"inLanguage":"es"},{"@type":"Organization","@id":"https:\/\/xpressautotags.com\/#organization","name":"Xpress Auto Tag","url":"https:\/\/xpressautotags.com\/","logo":{"@type":"ImageObject","inLanguage":"es","@id":"https:\/\/xpressautotags.com\/#\/schema\/logo\/image\/","url":"https:\/\/xpressautotags.com\/wp-content\/uploads\/2024\/12\/cropped-Xpress-Auto-Tag-Logo-08-e1734630989455.png","contentUrl":"https:\/\/xpressautotags.com\/wp-content\/uploads\/2024\/12\/cropped-Xpress-Auto-Tag-Logo-08-e1734630989455.png","width":100,"height":100,"caption":"Xpress Auto Tag"},"image":{"@id":"https:\/\/xpressautotags.com\/#\/schema\/logo\/image\/"}}]}},"_links":{"self":[{"href":"https:\/\/xpressautotags.com\/es\/wp-json\/wp\/v2\/product\/520","targetHints":{"allow":["GET"]}}],"collection":[{"href":"https:\/\/xpressautotags.com\/es\/wp-json\/wp\/v2\/product"}],"about":[{"href":"https:\/\/xpressautotags.com\/es\/wp-json\/wp\/v2\/types\/product"}],"wp:featuredmedia":[{"embeddable":true,"href":"https:\/\/xpressautotags.com\/es\/wp-json\/wp\/v2\/media\/384"}],"wp:attachment":[{"href":"https:\/\/xpressautotags.com\/es\/wp-json\/wp\/v2\/media?parent=520"}],"wp:term":[{"taxonomy":"product_cat","embeddable":true,"href":"https:\/\/xpressautotags.com\/es\/wp-json\/wp\/v2\/product_cat?post=520"},{"taxonomy":"product_tag","embeddable":true,"href":"https:\/\/xpressautotags.com\/es\/wp-json\/wp\/v2\/product_tag?post=520"}],"curies":[{"name":"wp","href":"https:\/\/api.w.org\/{rel}","templated":true}]}}