{"id":438,"date":"2024-10-04T01:36:58","date_gmt":"2024-10-04T01:36:58","guid":{"rendered":"https:\/\/xpressautotags.com\/?post_type=product&#038;p=438"},"modified":"2025-02-20T03:06:32","modified_gmt":"2025-02-20T03:06:32","slug":"hrvs-2","status":"publish","type":"product","link":"https:\/\/xpressautotags.com\/es\/product\/hrvs-2\/","title":{"rendered":"HRVs"},"content":{"rendered":"<p>Para todo tipo de veh\u00edculos de altura (HRV), nuestro servicio de emisi\u00f3n de placas garantiza que su HRV est\u00e9 correctamente registrado y equipado con las placas correctas. Nos encargamos de los tr\u00e1mites para que puedas conducir con tranquilidad.<\/p>\n<p><strong>Nota:<\/strong> Cuando se emite una nueva placa por primera vez al comprar un veh\u00edculo, esta incluye el registro. Sin embargo, es responsabilidad del propietario renovar su registro en su pr\u00f3ximo cumplea\u00f1os.<\/p>\n<p><strong>Informaci\u00f3n Adicional <\/strong><br \/>\nSi tienes un cr\u00e9dito del DMV para placas, deber\u00e1s llamar para confirmar esta informaci\u00f3n.<\/p>\n<p>Si tienes alguna pregunta o necesitas ayuda, no dudes en contactarnos al <a href=\"tel: 18132365981\"> 813-236-5981<\/a> o enviarnos un mensaje de texto al <a href=\"tel: 18137758547\">813-775-8547<\/a>. Estamos aqu\u00ed para ayudarte!<\/p>","protected":false},"excerpt":{"rendered":"<p>For all types of high-riding vehicles (HRVs), our plate issuing service guarantees that your HRV is properly registered and fitted with the correct plates. We handle the paperwork so you can drive with peace of mind. Note: When a new plate is issued for the first time upon vehicle purchase, it comes with a registration. [&hellip;]<\/p>","protected":false},"featured_media":469,"template":"","meta":[],"product_cat":[22],"product_tag":[],"class_list":{"0":"post-438","1":"product","2":"type-product","3":"status-publish","4":"has-post-thumbnail","6":"product_cat-plate-issuing","7":"tm-no-options","9":"first","10":"instock","11":"virtual","12":"taxable","13":"product-type-simple"},"yoast_head":"<!-- This site is optimized with the Yoast SEO plugin v24.5 - https:\/\/yoast.com\/wordpress\/plugins\/seo\/ -->\n<title>HRVs - Xpress Auto Tag<\/title>\n<meta name=\"robots\" content=\"index, follow, max-snippet:-1, max-image-preview:large, max-video-preview:-1\" \/>\n<link rel=\"canonical\" href=\"https:\/\/xpressautotags.com\/es\/product\/hrvs-2\/\" \/>\n<meta property=\"og:locale\" content=\"es_ES\" \/>\n<meta property=\"og:type\" content=\"article\" \/>\n<meta property=\"og:title\" content=\"HRVs - Xpress Auto Tag\" \/>\n<meta property=\"og:description\" content=\"For all types of high-riding vehicles (HRVs), our plate issuing service guarantees that your HRV is properly registered and fitted with the correct plates. We handle the paperwork so you can drive with peace of mind. Note: When a new plate is issued for the first time upon vehicle purchase, it comes with a registration. [&hellip;]\" \/>\n<meta property=\"og:url\" content=\"https:\/\/xpressautotags.com\/es\/product\/hrvs-2\/\" \/>\n<meta property=\"og:site_name\" content=\"Xpress Auto Tag\" \/>\n<meta property=\"article:modified_time\" content=\"2025-02-20T03:06:32+00:00\" \/>\n<meta property=\"og:image\" content=\"https:\/\/xpressautotags.com\/wp-content\/uploads\/2024\/10\/EVT-attaching-a-vehicle-registration-license-plate-to-2023-11-27-05-13-19-utc.webp\" \/>\n\t<meta property=\"og:image:width\" content=\"2000\" \/>\n\t<meta property=\"og:image:height\" content=\"1333\" \/>\n\t<meta property=\"og:image:type\" content=\"image\/webp\" \/>\n<meta name=\"twitter:card\" content=\"summary_large_image\" \/>\n<meta name=\"twitter:label1\" content=\"Tiempo de lectura\" \/>\n\t<meta name=\"twitter:data1\" content=\"1 minuto\" \/>\n<script type=\"application\/ld+json\" class=\"yoast-schema-graph\">{\"@context\":\"https:\/\/schema.org\",\"@graph\":[{\"@type\":\"WebPage\",\"@id\":\"https:\/\/xpressautotags.com\/product\/hrvs-2\/\",\"url\":\"https:\/\/xpressautotags.com\/product\/hrvs-2\/\",\"name\":\"HRVs - Xpress Auto Tag\",\"isPartOf\":{\"@id\":\"https:\/\/xpressautotags.com\/#website\"},\"primaryImageOfPage\":{\"@id\":\"https:\/\/xpressautotags.com\/product\/hrvs-2\/#primaryimage\"},\"image\":{\"@id\":\"https:\/\/xpressautotags.com\/product\/hrvs-2\/#primaryimage\"},\"thumbnailUrl\":\"https:\/\/xpressautotags.com\/wp-content\/uploads\/2024\/10\/EVT-attaching-a-vehicle-registration-license-plate-to-2023-11-27-05-13-19-utc.webp\",\"datePublished\":\"2024-10-04T01:36:58+00:00\",\"dateModified\":\"2025-02-20T03:06:32+00:00\",\"breadcrumb\":{\"@id\":\"https:\/\/xpressautotags.com\/product\/hrvs-2\/#breadcrumb\"},\"inLanguage\":\"es\",\"potentialAction\":[{\"@type\":\"ReadAction\",\"target\":[\"https:\/\/xpressautotags.com\/product\/hrvs-2\/\"]}]},{\"@type\":\"ImageObject\",\"inLanguage\":\"es\",\"@id\":\"https:\/\/xpressautotags.com\/product\/hrvs-2\/#primaryimage\",\"url\":\"https:\/\/xpressautotags.com\/wp-content\/uploads\/2024\/10\/EVT-attaching-a-vehicle-registration-license-plate-to-2023-11-27-05-13-19-utc.webp\",\"contentUrl\":\"https:\/\/xpressautotags.com\/wp-content\/uploads\/2024\/10\/EVT-attaching-a-vehicle-registration-license-plate-to-2023-11-27-05-13-19-utc.webp\",\"width\":2000,\"height\":1333},{\"@type\":\"BreadcrumbList\",\"@id\":\"https:\/\/xpressautotags.com\/product\/hrvs-2\/#breadcrumb\",\"itemListElement\":[{\"@type\":\"ListItem\",\"position\":1,\"name\":\"Home\",\"item\":\"https:\/\/xpressautotags.com\/\"},{\"@type\":\"ListItem\",\"position\":2,\"name\":\"Shop\",\"item\":\"https:\/\/xpressautotags.com\/shop\/\"},{\"@type\":\"ListItem\",\"position\":3,\"name\":\"HRVs\"}]},{\"@type\":\"WebSite\",\"@id\":\"https:\/\/xpressautotags.com\/#website\",\"url\":\"https:\/\/xpressautotags.com\/\",\"name\":\"Xpress Auto Tag\",\"description\":\"\",\"publisher\":{\"@id\":\"https:\/\/xpressautotags.com\/#organization\"},\"potentialAction\":[{\"@type\":\"SearchAction\",\"target\":{\"@type\":\"EntryPoint\",\"urlTemplate\":\"https:\/\/xpressautotags.com\/?s={search_term_string}\"},\"query-input\":{\"@type\":\"PropertyValueSpecification\",\"valueRequired\":true,\"valueName\":\"search_term_string\"}}],\"inLanguage\":\"es\"},{\"@type\":\"Organization\",\"@id\":\"https:\/\/xpressautotags.com\/#organization\",\"name\":\"Xpress Auto Tag\",\"url\":\"https:\/\/xpressautotags.com\/\",\"logo\":{\"@type\":\"ImageObject\",\"inLanguage\":\"es\",\"@id\":\"https:\/\/xpressautotags.com\/#\/schema\/logo\/image\/\",\"url\":\"https:\/\/xpressautotags.com\/wp-content\/uploads\/2024\/12\/cropped-Xpress-Auto-Tag-Logo-08-e1734630989455.png\",\"contentUrl\":\"https:\/\/xpressautotags.com\/wp-content\/uploads\/2024\/12\/cropped-Xpress-Auto-Tag-Logo-08-e1734630989455.png\",\"width\":100,\"height\":100,\"caption\":\"Xpress Auto Tag\"},\"image\":{\"@id\":\"https:\/\/xpressautotags.com\/#\/schema\/logo\/image\/\"}}]}<\/script>\n<!-- \/ Yoast SEO plugin. -->","yoast_head_json":{"title":"HRVs - Xpress Auto Tag","robots":{"index":"index","follow":"follow","max-snippet":"max-snippet:-1","max-image-preview":"max-image-preview:large","max-video-preview":"max-video-preview:-1"},"canonical":"https:\/\/xpressautotags.com\/es\/product\/hrvs-2\/","og_locale":"es_ES","og_type":"article","og_title":"HRVs - Xpress Auto Tag","og_description":"For all types of high-riding vehicles (HRVs), our plate issuing service guarantees that your HRV is properly registered and fitted with the correct plates. We handle the paperwork so you can drive with peace of mind. Note: When a new plate is issued for the first time upon vehicle purchase, it comes with a registration. [&hellip;]","og_url":"https:\/\/xpressautotags.com\/es\/product\/hrvs-2\/","og_site_name":"Xpress Auto Tag","article_modified_time":"2025-02-20T03:06:32+00:00","og_image":[{"width":2000,"height":1333,"url":"https:\/\/xpressautotags.com\/wp-content\/uploads\/2024\/10\/EVT-attaching-a-vehicle-registration-license-plate-to-2023-11-27-05-13-19-utc.webp","type":"image\/webp"}],"twitter_card":"summary_large_image","twitter_misc":{"Tiempo de lectura":"1 minuto"},"schema":{"@context":"https:\/\/schema.org","@graph":[{"@type":"WebPage","@id":"https:\/\/xpressautotags.com\/product\/hrvs-2\/","url":"https:\/\/xpressautotags.com\/product\/hrvs-2\/","name":"HRVs - Xpress Auto Tag","isPartOf":{"@id":"https:\/\/xpressautotags.com\/#website"},"primaryImageOfPage":{"@id":"https:\/\/xpressautotags.com\/product\/hrvs-2\/#primaryimage"},"image":{"@id":"https:\/\/xpressautotags.com\/product\/hrvs-2\/#primaryimage"},"thumbnailUrl":"https:\/\/xpressautotags.com\/wp-content\/uploads\/2024\/10\/EVT-attaching-a-vehicle-registration-license-plate-to-2023-11-27-05-13-19-utc.webp","datePublished":"2024-10-04T01:36:58+00:00","dateModified":"2025-02-20T03:06:32+00:00","breadcrumb":{"@id":"https:\/\/xpressautotags.com\/product\/hrvs-2\/#breadcrumb"},"inLanguage":"es","potentialAction":[{"@type":"ReadAction","target":["https:\/\/xpressautotags.com\/product\/hrvs-2\/"]}]},{"@type":"ImageObject","inLanguage":"es","@id":"https:\/\/xpressautotags.com\/product\/hrvs-2\/#primaryimage","url":"https:\/\/xpressautotags.com\/wp-content\/uploads\/2024\/10\/EVT-attaching-a-vehicle-registration-license-plate-to-2023-11-27-05-13-19-utc.webp","contentUrl":"https:\/\/xpressautotags.com\/wp-content\/uploads\/2024\/10\/EVT-attaching-a-vehicle-registration-license-plate-to-2023-11-27-05-13-19-utc.webp","width":2000,"height":1333},{"@type":"BreadcrumbList","@id":"https:\/\/xpressautotags.com\/product\/hrvs-2\/#breadcrumb","itemListElement":[{"@type":"ListItem","position":1,"name":"Home","item":"https:\/\/xpressautotags.com\/"},{"@type":"ListItem","position":2,"name":"Shop","item":"https:\/\/xpressautotags.com\/shop\/"},{"@type":"ListItem","position":3,"name":"HRVs"}]},{"@type":"WebSite","@id":"https:\/\/xpressautotags.com\/#website","url":"https:\/\/xpressautotags.com\/","name":"Xpress Auto Tag","description":"","publisher":{"@id":"https:\/\/xpressautotags.com\/#organization"},"potentialAction":[{"@type":"SearchAction","target":{"@type":"EntryPoint","urlTemplate":"https:\/\/xpressautotags.com\/?s={search_term_string}"},"query-input":{"@type":"PropertyValueSpecification","valueRequired":true,"valueName":"search_term_string"}}],"inLanguage":"es"},{"@type":"Organization","@id":"https:\/\/xpressautotags.com\/#organization","name":"Xpress Auto Tag","url":"https:\/\/xpressautotags.com\/","logo":{"@type":"ImageObject","inLanguage":"es","@id":"https:\/\/xpressautotags.com\/#\/schema\/logo\/image\/","url":"https:\/\/xpressautotags.com\/wp-content\/uploads\/2024\/12\/cropped-Xpress-Auto-Tag-Logo-08-e1734630989455.png","contentUrl":"https:\/\/xpressautotags.com\/wp-content\/uploads\/2024\/12\/cropped-Xpress-Auto-Tag-Logo-08-e1734630989455.png","width":100,"height":100,"caption":"Xpress Auto Tag"},"image":{"@id":"https:\/\/xpressautotags.com\/#\/schema\/logo\/image\/"}}]}},"_links":{"self":[{"href":"https:\/\/xpressautotags.com\/es\/wp-json\/wp\/v2\/product\/438","targetHints":{"allow":["GET"]}}],"collection":[{"href":"https:\/\/xpressautotags.com\/es\/wp-json\/wp\/v2\/product"}],"about":[{"href":"https:\/\/xpressautotags.com\/es\/wp-json\/wp\/v2\/types\/product"}],"wp:featuredmedia":[{"embeddable":true,"href":"https:\/\/xpressautotags.com\/es\/wp-json\/wp\/v2\/media\/469"}],"wp:attachment":[{"href":"https:\/\/xpressautotags.com\/es\/wp-json\/wp\/v2\/media?parent=438"}],"wp:term":[{"taxonomy":"product_cat","embeddable":true,"href":"https:\/\/xpressautotags.com\/es\/wp-json\/wp\/v2\/product_cat?post=438"},{"taxonomy":"product_tag","embeddable":true,"href":"https:\/\/xpressautotags.com\/es\/wp-json\/wp\/v2\/product_tag?post=438"}],"curies":[{"name":"wp","href":"https:\/\/api.w.org\/{rel}","templated":true}]}}