{"id":435,"date":"2024-10-04T01:35:57","date_gmt":"2024-10-04T01:35:57","guid":{"rendered":"https:\/\/xpressautotags.com\/?post_type=product&#038;p=435"},"modified":"2025-02-20T03:07:12","modified_gmt":"2025-02-20T03:07:12","slug":"mobile-homes-2","status":"publish","type":"product","link":"https:\/\/xpressautotags.com\/es\/product\/mobile-homes-2\/","title":{"rendered":"Casas m\u00f3viles"},"content":{"rendered":"<p>Nuestro servicio de emisi\u00f3n de placas para casas m\u00f3viles garantiza que usted cumpla totalmente con las regulaciones estatales. Ya sea que se mude o actualice, nos encargaremos de los detalles para que su casa m\u00f3vil est\u00e9 equipada de manera r\u00e1pida y eficiente.<\/p>\n<p><strong>Nota:<\/strong> Cuando se emite una nueva placa por primera vez al comprar un veh\u00edculo, esta incluye el registro. Sin embargo, es responsabilidad del propietario renovar su registro en su pr\u00f3ximo cumplea\u00f1os.<\/p>\n<p><strong>Informaci\u00f3n Adicional <\/strong><br \/>\nSi tienes un cr\u00e9dito del DMV para placas, deber\u00e1s llamar para confirmar esta informaci\u00f3n.<\/p>\n<p>Si tienes alguna pregunta o necesitas ayuda, no dudes en contactarnos al <a href=\"tel: 18132365981\"> 813-236-5981<\/a> o enviarnos un mensaje de texto al <a href=\"tel: 18137758547\">813-775-8547<\/a>. Estamos aqu\u00ed para ayudarte!<\/p>","protected":false},"excerpt":{"rendered":"<p>Our plate issuing service for mobile homes ensures you\u2019re fully compliant with state regulations. Whether you\u2019re moving or updating, we\u2019ll handle the details to get your mobile home plated quickly and efficiently. Note: When a new plate is issued for the first time upon vehicle purchase, it comes with a registration. However, it is the [&hellip;]<\/p>","protected":false},"featured_media":405,"template":"","meta":[],"product_cat":[22],"product_tag":[],"class_list":{"0":"post-435","1":"product","2":"type-product","3":"status-publish","4":"has-post-thumbnail","6":"product_cat-plate-issuing","7":"tm-no-options","9":"first","10":"instock","11":"virtual","12":"taxable","13":"product-type-simple"},"yoast_head":"<!-- This site is optimized with the Yoast SEO plugin v24.5 - https:\/\/yoast.com\/wordpress\/plugins\/seo\/ -->\n<title>Mobile Homes - Xpress Auto Tag<\/title>\n<meta name=\"robots\" content=\"index, follow, max-snippet:-1, max-image-preview:large, max-video-preview:-1\" \/>\n<link rel=\"canonical\" href=\"https:\/\/xpressautotags.com\/es\/product\/mobile-homes-2\/\" \/>\n<meta property=\"og:locale\" content=\"es_ES\" \/>\n<meta property=\"og:type\" content=\"article\" \/>\n<meta property=\"og:title\" content=\"Mobile Homes - Xpress Auto Tag\" \/>\n<meta property=\"og:description\" content=\"Our plate issuing service for mobile homes ensures you\u2019re fully compliant with state regulations. Whether you\u2019re moving or updating, we\u2019ll handle the details to get your mobile home plated quickly and efficiently. Note: When a new plate is issued for the first time upon vehicle purchase, it comes with a registration. However, it is the [&hellip;]\" \/>\n<meta property=\"og:url\" content=\"https:\/\/xpressautotags.com\/es\/product\/mobile-homes-2\/\" \/>\n<meta property=\"og:site_name\" content=\"Xpress Auto Tag\" \/>\n<meta property=\"article:modified_time\" content=\"2025-02-20T03:07:12+00:00\" \/>\n<meta property=\"og:image\" content=\"https:\/\/xpressautotags.com\/wp-content\/uploads\/2024\/10\/2149181703.webp\" \/>\n\t<meta property=\"og:image:width\" content=\"1000\" \/>\n\t<meta property=\"og:image:height\" content=\"667\" \/>\n\t<meta property=\"og:image:type\" content=\"image\/webp\" \/>\n<meta name=\"twitter:card\" content=\"summary_large_image\" \/>\n<meta name=\"twitter:label1\" content=\"Tiempo de lectura\" \/>\n\t<meta name=\"twitter:data1\" content=\"1 minuto\" \/>\n<script type=\"application\/ld+json\" class=\"yoast-schema-graph\">{\"@context\":\"https:\/\/schema.org\",\"@graph\":[{\"@type\":\"WebPage\",\"@id\":\"https:\/\/xpressautotags.com\/product\/mobile-homes-2\/\",\"url\":\"https:\/\/xpressautotags.com\/product\/mobile-homes-2\/\",\"name\":\"Mobile Homes - Xpress Auto Tag\",\"isPartOf\":{\"@id\":\"https:\/\/xpressautotags.com\/#website\"},\"primaryImageOfPage\":{\"@id\":\"https:\/\/xpressautotags.com\/product\/mobile-homes-2\/#primaryimage\"},\"image\":{\"@id\":\"https:\/\/xpressautotags.com\/product\/mobile-homes-2\/#primaryimage\"},\"thumbnailUrl\":\"https:\/\/xpressautotags.com\/wp-content\/uploads\/2024\/10\/2149181703.webp\",\"datePublished\":\"2024-10-04T01:35:57+00:00\",\"dateModified\":\"2025-02-20T03:07:12+00:00\",\"breadcrumb\":{\"@id\":\"https:\/\/xpressautotags.com\/product\/mobile-homes-2\/#breadcrumb\"},\"inLanguage\":\"es\",\"potentialAction\":[{\"@type\":\"ReadAction\",\"target\":[\"https:\/\/xpressautotags.com\/product\/mobile-homes-2\/\"]}]},{\"@type\":\"ImageObject\",\"inLanguage\":\"es\",\"@id\":\"https:\/\/xpressautotags.com\/product\/mobile-homes-2\/#primaryimage\",\"url\":\"https:\/\/xpressautotags.com\/wp-content\/uploads\/2024\/10\/2149181703.webp\",\"contentUrl\":\"https:\/\/xpressautotags.com\/wp-content\/uploads\/2024\/10\/2149181703.webp\",\"width\":1000,\"height\":667},{\"@type\":\"BreadcrumbList\",\"@id\":\"https:\/\/xpressautotags.com\/product\/mobile-homes-2\/#breadcrumb\",\"itemListElement\":[{\"@type\":\"ListItem\",\"position\":1,\"name\":\"Home\",\"item\":\"https:\/\/xpressautotags.com\/\"},{\"@type\":\"ListItem\",\"position\":2,\"name\":\"Shop\",\"item\":\"https:\/\/xpressautotags.com\/shop\/\"},{\"@type\":\"ListItem\",\"position\":3,\"name\":\"Mobile Homes\"}]},{\"@type\":\"WebSite\",\"@id\":\"https:\/\/xpressautotags.com\/#website\",\"url\":\"https:\/\/xpressautotags.com\/\",\"name\":\"Xpress Auto Tag\",\"description\":\"\",\"publisher\":{\"@id\":\"https:\/\/xpressautotags.com\/#organization\"},\"potentialAction\":[{\"@type\":\"SearchAction\",\"target\":{\"@type\":\"EntryPoint\",\"urlTemplate\":\"https:\/\/xpressautotags.com\/?s={search_term_string}\"},\"query-input\":{\"@type\":\"PropertyValueSpecification\",\"valueRequired\":true,\"valueName\":\"search_term_string\"}}],\"inLanguage\":\"es\"},{\"@type\":\"Organization\",\"@id\":\"https:\/\/xpressautotags.com\/#organization\",\"name\":\"Xpress Auto Tag\",\"url\":\"https:\/\/xpressautotags.com\/\",\"logo\":{\"@type\":\"ImageObject\",\"inLanguage\":\"es\",\"@id\":\"https:\/\/xpressautotags.com\/#\/schema\/logo\/image\/\",\"url\":\"https:\/\/xpressautotags.com\/wp-content\/uploads\/2024\/12\/cropped-Xpress-Auto-Tag-Logo-08-e1734630989455.png\",\"contentUrl\":\"https:\/\/xpressautotags.com\/wp-content\/uploads\/2024\/12\/cropped-Xpress-Auto-Tag-Logo-08-e1734630989455.png\",\"width\":100,\"height\":100,\"caption\":\"Xpress Auto Tag\"},\"image\":{\"@id\":\"https:\/\/xpressautotags.com\/#\/schema\/logo\/image\/\"}}]}<\/script>\n<!-- \/ Yoast SEO plugin. -->","yoast_head_json":{"title":"Mobile Homes - Xpress Auto Tag","robots":{"index":"index","follow":"follow","max-snippet":"max-snippet:-1","max-image-preview":"max-image-preview:large","max-video-preview":"max-video-preview:-1"},"canonical":"https:\/\/xpressautotags.com\/es\/product\/mobile-homes-2\/","og_locale":"es_ES","og_type":"article","og_title":"Mobile Homes - Xpress Auto Tag","og_description":"Our plate issuing service for mobile homes ensures you\u2019re fully compliant with state regulations. Whether you\u2019re moving or updating, we\u2019ll handle the details to get your mobile home plated quickly and efficiently. Note: When a new plate is issued for the first time upon vehicle purchase, it comes with a registration. However, it is the [&hellip;]","og_url":"https:\/\/xpressautotags.com\/es\/product\/mobile-homes-2\/","og_site_name":"Xpress Auto Tag","article_modified_time":"2025-02-20T03:07:12+00:00","og_image":[{"width":1000,"height":667,"url":"https:\/\/xpressautotags.com\/wp-content\/uploads\/2024\/10\/2149181703.webp","type":"image\/webp"}],"twitter_card":"summary_large_image","twitter_misc":{"Tiempo de lectura":"1 minuto"},"schema":{"@context":"https:\/\/schema.org","@graph":[{"@type":"WebPage","@id":"https:\/\/xpressautotags.com\/product\/mobile-homes-2\/","url":"https:\/\/xpressautotags.com\/product\/mobile-homes-2\/","name":"Mobile Homes - Xpress Auto Tag","isPartOf":{"@id":"https:\/\/xpressautotags.com\/#website"},"primaryImageOfPage":{"@id":"https:\/\/xpressautotags.com\/product\/mobile-homes-2\/#primaryimage"},"image":{"@id":"https:\/\/xpressautotags.com\/product\/mobile-homes-2\/#primaryimage"},"thumbnailUrl":"https:\/\/xpressautotags.com\/wp-content\/uploads\/2024\/10\/2149181703.webp","datePublished":"2024-10-04T01:35:57+00:00","dateModified":"2025-02-20T03:07:12+00:00","breadcrumb":{"@id":"https:\/\/xpressautotags.com\/product\/mobile-homes-2\/#breadcrumb"},"inLanguage":"es","potentialAction":[{"@type":"ReadAction","target":["https:\/\/xpressautotags.com\/product\/mobile-homes-2\/"]}]},{"@type":"ImageObject","inLanguage":"es","@id":"https:\/\/xpressautotags.com\/product\/mobile-homes-2\/#primaryimage","url":"https:\/\/xpressautotags.com\/wp-content\/uploads\/2024\/10\/2149181703.webp","contentUrl":"https:\/\/xpressautotags.com\/wp-content\/uploads\/2024\/10\/2149181703.webp","width":1000,"height":667},{"@type":"BreadcrumbList","@id":"https:\/\/xpressautotags.com\/product\/mobile-homes-2\/#breadcrumb","itemListElement":[{"@type":"ListItem","position":1,"name":"Home","item":"https:\/\/xpressautotags.com\/"},{"@type":"ListItem","position":2,"name":"Shop","item":"https:\/\/xpressautotags.com\/shop\/"},{"@type":"ListItem","position":3,"name":"Mobile Homes"}]},{"@type":"WebSite","@id":"https:\/\/xpressautotags.com\/#website","url":"https:\/\/xpressautotags.com\/","name":"Xpress Auto Tag","description":"","publisher":{"@id":"https:\/\/xpressautotags.com\/#organization"},"potentialAction":[{"@type":"SearchAction","target":{"@type":"EntryPoint","urlTemplate":"https:\/\/xpressautotags.com\/?s={search_term_string}"},"query-input":{"@type":"PropertyValueSpecification","valueRequired":true,"valueName":"search_term_string"}}],"inLanguage":"es"},{"@type":"Organization","@id":"https:\/\/xpressautotags.com\/#organization","name":"Xpress Auto Tag","url":"https:\/\/xpressautotags.com\/","logo":{"@type":"ImageObject","inLanguage":"es","@id":"https:\/\/xpressautotags.com\/#\/schema\/logo\/image\/","url":"https:\/\/xpressautotags.com\/wp-content\/uploads\/2024\/12\/cropped-Xpress-Auto-Tag-Logo-08-e1734630989455.png","contentUrl":"https:\/\/xpressautotags.com\/wp-content\/uploads\/2024\/12\/cropped-Xpress-Auto-Tag-Logo-08-e1734630989455.png","width":100,"height":100,"caption":"Xpress Auto Tag"},"image":{"@id":"https:\/\/xpressautotags.com\/#\/schema\/logo\/image\/"}}]}},"_links":{"self":[{"href":"https:\/\/xpressautotags.com\/es\/wp-json\/wp\/v2\/product\/435","targetHints":{"allow":["GET"]}}],"collection":[{"href":"https:\/\/xpressautotags.com\/es\/wp-json\/wp\/v2\/product"}],"about":[{"href":"https:\/\/xpressautotags.com\/es\/wp-json\/wp\/v2\/types\/product"}],"wp:featuredmedia":[{"embeddable":true,"href":"https:\/\/xpressautotags.com\/es\/wp-json\/wp\/v2\/media\/405"}],"wp:attachment":[{"href":"https:\/\/xpressautotags.com\/es\/wp-json\/wp\/v2\/media?parent=435"}],"wp:term":[{"taxonomy":"product_cat","embeddable":true,"href":"https:\/\/xpressautotags.com\/es\/wp-json\/wp\/v2\/product_cat?post=435"},{"taxonomy":"product_tag","embeddable":true,"href":"https:\/\/xpressautotags.com\/es\/wp-json\/wp\/v2\/product_tag?post=435"}],"curies":[{"name":"wp","href":"https:\/\/api.w.org\/{rel}","templated":true}]}}