{"id":421,"date":"2024-10-04T00:24:11","date_gmt":"2024-10-04T00:24:11","guid":{"rendered":"https:\/\/xpressautotags.com\/?post_type=product&#038;p=421"},"modified":"2025-02-20T03:08:04","modified_gmt":"2025-02-20T03:08:04","slug":"electronic-title-printouts","status":"publish","type":"product","link":"https:\/\/xpressautotags.com\/es\/product\/electronic-title-printouts\/","title":{"rendered":"Impresiones de t\u00edtulos electr\u00f3nicos"},"content":{"rendered":"<p>\u00bfNecesita una copia f\u00edsica del t\u00edtulo electr\u00f3nico de su veh\u00edculo? Proporcionamos impresiones oficiales de sus t\u00edtulos electr\u00f3nicos con facilidad, asegur\u00e1ndonos de que tenga una copia tangible para sus registros u otras necesidades legales.<\/p>\n<p>Si tienes alguna pregunta o necesitas ayuda, no dudes en contactarnos al <a href=\"tel: 18132365981\"> 813-236-5981<\/a> o enviarnos un mensaje de texto al <a href=\"tel: 18137758547\">813-775-8547<\/a>. Estamos aqu\u00ed para ayudarte!<\/p>","protected":false},"excerpt":{"rendered":"<p>Need a physical copy of your electronic vehicle title? We provide official printouts of your electronic titles with ease, ensuring you have a tangible copy for your records or other legal needs. If you have any questions or need assistance, don\u2019t hesitate to contact us at 813-236-5981 or text to 813-775-8547. We\u2019re here to help!<\/p>","protected":false},"featured_media":394,"template":"","meta":[],"product_cat":[21],"product_tag":[],"class_list":{"0":"post-421","1":"product","2":"type-product","3":"status-publish","4":"has-post-thumbnail","6":"product_cat-titles","7":"tm-no-options","9":"first","10":"instock","11":"virtual","12":"taxable","13":"purchasable","14":"product-type-simple"},"yoast_head":"<!-- This site is optimized with the Yoast SEO plugin v24.5 - https:\/\/yoast.com\/wordpress\/plugins\/seo\/ -->\n<title>Electronic Title printouts - Xpress Auto Tag<\/title>\n<meta name=\"robots\" content=\"index, follow, max-snippet:-1, max-image-preview:large, max-video-preview:-1\" \/>\n<link rel=\"canonical\" href=\"https:\/\/xpressautotags.com\/es\/product\/electronic-title-printouts\/\" \/>\n<meta property=\"og:locale\" content=\"es_ES\" \/>\n<meta property=\"og:type\" content=\"article\" \/>\n<meta property=\"og:title\" content=\"Electronic Title printouts - Xpress Auto Tag\" \/>\n<meta property=\"og:description\" content=\"Need a physical copy of your electronic vehicle title? We provide official printouts of your electronic titles with ease, ensuring you have a tangible copy for your records or other legal needs. If you have any questions or need assistance, don\u2019t hesitate to contact us at 813-236-5981 or text to 813-775-8547. We\u2019re here to help!\" \/>\n<meta property=\"og:url\" content=\"https:\/\/xpressautotags.com\/es\/product\/electronic-title-printouts\/\" \/>\n<meta property=\"og:site_name\" content=\"Xpress Auto Tag\" \/>\n<meta property=\"article:modified_time\" content=\"2025-02-20T03:08:04+00:00\" \/>\n<meta property=\"og:image\" content=\"https:\/\/xpressautotags.com\/wp-content\/uploads\/2024\/10\/6358.webp\" \/>\n\t<meta property=\"og:image:width\" content=\"667\" \/>\n\t<meta property=\"og:image:height\" content=\"667\" \/>\n\t<meta property=\"og:image:type\" content=\"image\/webp\" \/>\n<meta name=\"twitter:card\" content=\"summary_large_image\" \/>\n<meta name=\"twitter:label1\" content=\"Tiempo de lectura\" \/>\n\t<meta name=\"twitter:data1\" content=\"1 minuto\" \/>\n<script type=\"application\/ld+json\" class=\"yoast-schema-graph\">{\"@context\":\"https:\/\/schema.org\",\"@graph\":[{\"@type\":\"WebPage\",\"@id\":\"https:\/\/xpressautotags.com\/product\/electronic-title-printouts\/\",\"url\":\"https:\/\/xpressautotags.com\/product\/electronic-title-printouts\/\",\"name\":\"Electronic Title printouts - Xpress Auto Tag\",\"isPartOf\":{\"@id\":\"https:\/\/xpressautotags.com\/#website\"},\"primaryImageOfPage\":{\"@id\":\"https:\/\/xpressautotags.com\/product\/electronic-title-printouts\/#primaryimage\"},\"image\":{\"@id\":\"https:\/\/xpressautotags.com\/product\/electronic-title-printouts\/#primaryimage\"},\"thumbnailUrl\":\"https:\/\/xpressautotags.com\/wp-content\/uploads\/2024\/10\/6358.webp\",\"datePublished\":\"2024-10-04T00:24:11+00:00\",\"dateModified\":\"2025-02-20T03:08:04+00:00\",\"breadcrumb\":{\"@id\":\"https:\/\/xpressautotags.com\/product\/electronic-title-printouts\/#breadcrumb\"},\"inLanguage\":\"es\",\"potentialAction\":[{\"@type\":\"ReadAction\",\"target\":[\"https:\/\/xpressautotags.com\/product\/electronic-title-printouts\/\"]}]},{\"@type\":\"ImageObject\",\"inLanguage\":\"es\",\"@id\":\"https:\/\/xpressautotags.com\/product\/electronic-title-printouts\/#primaryimage\",\"url\":\"https:\/\/xpressautotags.com\/wp-content\/uploads\/2024\/10\/6358.webp\",\"contentUrl\":\"https:\/\/xpressautotags.com\/wp-content\/uploads\/2024\/10\/6358.webp\",\"width\":667,\"height\":667},{\"@type\":\"BreadcrumbList\",\"@id\":\"https:\/\/xpressautotags.com\/product\/electronic-title-printouts\/#breadcrumb\",\"itemListElement\":[{\"@type\":\"ListItem\",\"position\":1,\"name\":\"Home\",\"item\":\"https:\/\/xpressautotags.com\/\"},{\"@type\":\"ListItem\",\"position\":2,\"name\":\"Shop\",\"item\":\"https:\/\/xpressautotags.com\/shop\/\"},{\"@type\":\"ListItem\",\"position\":3,\"name\":\"Electronic Title printouts\"}]},{\"@type\":\"WebSite\",\"@id\":\"https:\/\/xpressautotags.com\/#website\",\"url\":\"https:\/\/xpressautotags.com\/\",\"name\":\"Xpress Auto Tag\",\"description\":\"\",\"publisher\":{\"@id\":\"https:\/\/xpressautotags.com\/#organization\"},\"potentialAction\":[{\"@type\":\"SearchAction\",\"target\":{\"@type\":\"EntryPoint\",\"urlTemplate\":\"https:\/\/xpressautotags.com\/?s={search_term_string}\"},\"query-input\":{\"@type\":\"PropertyValueSpecification\",\"valueRequired\":true,\"valueName\":\"search_term_string\"}}],\"inLanguage\":\"es\"},{\"@type\":\"Organization\",\"@id\":\"https:\/\/xpressautotags.com\/#organization\",\"name\":\"Xpress Auto Tag\",\"url\":\"https:\/\/xpressautotags.com\/\",\"logo\":{\"@type\":\"ImageObject\",\"inLanguage\":\"es\",\"@id\":\"https:\/\/xpressautotags.com\/#\/schema\/logo\/image\/\",\"url\":\"https:\/\/xpressautotags.com\/wp-content\/uploads\/2024\/12\/cropped-Xpress-Auto-Tag-Logo-08-e1734630989455.png\",\"contentUrl\":\"https:\/\/xpressautotags.com\/wp-content\/uploads\/2024\/12\/cropped-Xpress-Auto-Tag-Logo-08-e1734630989455.png\",\"width\":100,\"height\":100,\"caption\":\"Xpress Auto Tag\"},\"image\":{\"@id\":\"https:\/\/xpressautotags.com\/#\/schema\/logo\/image\/\"}}]}<\/script>\n<!-- \/ Yoast SEO plugin. -->","yoast_head_json":{"title":"Electronic Title printouts - Xpress Auto Tag","robots":{"index":"index","follow":"follow","max-snippet":"max-snippet:-1","max-image-preview":"max-image-preview:large","max-video-preview":"max-video-preview:-1"},"canonical":"https:\/\/xpressautotags.com\/es\/product\/electronic-title-printouts\/","og_locale":"es_ES","og_type":"article","og_title":"Electronic Title printouts - Xpress Auto Tag","og_description":"Need a physical copy of your electronic vehicle title? We provide official printouts of your electronic titles with ease, ensuring you have a tangible copy for your records or other legal needs. If you have any questions or need assistance, don\u2019t hesitate to contact us at 813-236-5981 or text to 813-775-8547. We\u2019re here to help!","og_url":"https:\/\/xpressautotags.com\/es\/product\/electronic-title-printouts\/","og_site_name":"Xpress Auto Tag","article_modified_time":"2025-02-20T03:08:04+00:00","og_image":[{"width":667,"height":667,"url":"https:\/\/xpressautotags.com\/wp-content\/uploads\/2024\/10\/6358.webp","type":"image\/webp"}],"twitter_card":"summary_large_image","twitter_misc":{"Tiempo de lectura":"1 minuto"},"schema":{"@context":"https:\/\/schema.org","@graph":[{"@type":"WebPage","@id":"https:\/\/xpressautotags.com\/product\/electronic-title-printouts\/","url":"https:\/\/xpressautotags.com\/product\/electronic-title-printouts\/","name":"Electronic Title printouts - Xpress Auto Tag","isPartOf":{"@id":"https:\/\/xpressautotags.com\/#website"},"primaryImageOfPage":{"@id":"https:\/\/xpressautotags.com\/product\/electronic-title-printouts\/#primaryimage"},"image":{"@id":"https:\/\/xpressautotags.com\/product\/electronic-title-printouts\/#primaryimage"},"thumbnailUrl":"https:\/\/xpressautotags.com\/wp-content\/uploads\/2024\/10\/6358.webp","datePublished":"2024-10-04T00:24:11+00:00","dateModified":"2025-02-20T03:08:04+00:00","breadcrumb":{"@id":"https:\/\/xpressautotags.com\/product\/electronic-title-printouts\/#breadcrumb"},"inLanguage":"es","potentialAction":[{"@type":"ReadAction","target":["https:\/\/xpressautotags.com\/product\/electronic-title-printouts\/"]}]},{"@type":"ImageObject","inLanguage":"es","@id":"https:\/\/xpressautotags.com\/product\/electronic-title-printouts\/#primaryimage","url":"https:\/\/xpressautotags.com\/wp-content\/uploads\/2024\/10\/6358.webp","contentUrl":"https:\/\/xpressautotags.com\/wp-content\/uploads\/2024\/10\/6358.webp","width":667,"height":667},{"@type":"BreadcrumbList","@id":"https:\/\/xpressautotags.com\/product\/electronic-title-printouts\/#breadcrumb","itemListElement":[{"@type":"ListItem","position":1,"name":"Home","item":"https:\/\/xpressautotags.com\/"},{"@type":"ListItem","position":2,"name":"Shop","item":"https:\/\/xpressautotags.com\/shop\/"},{"@type":"ListItem","position":3,"name":"Electronic Title printouts"}]},{"@type":"WebSite","@id":"https:\/\/xpressautotags.com\/#website","url":"https:\/\/xpressautotags.com\/","name":"Xpress Auto Tag","description":"","publisher":{"@id":"https:\/\/xpressautotags.com\/#organization"},"potentialAction":[{"@type":"SearchAction","target":{"@type":"EntryPoint","urlTemplate":"https:\/\/xpressautotags.com\/?s={search_term_string}"},"query-input":{"@type":"PropertyValueSpecification","valueRequired":true,"valueName":"search_term_string"}}],"inLanguage":"es"},{"@type":"Organization","@id":"https:\/\/xpressautotags.com\/#organization","name":"Xpress Auto Tag","url":"https:\/\/xpressautotags.com\/","logo":{"@type":"ImageObject","inLanguage":"es","@id":"https:\/\/xpressautotags.com\/#\/schema\/logo\/image\/","url":"https:\/\/xpressautotags.com\/wp-content\/uploads\/2024\/12\/cropped-Xpress-Auto-Tag-Logo-08-e1734630989455.png","contentUrl":"https:\/\/xpressautotags.com\/wp-content\/uploads\/2024\/12\/cropped-Xpress-Auto-Tag-Logo-08-e1734630989455.png","width":100,"height":100,"caption":"Xpress Auto Tag"},"image":{"@id":"https:\/\/xpressautotags.com\/#\/schema\/logo\/image\/"}}]}},"_links":{"self":[{"href":"https:\/\/xpressautotags.com\/es\/wp-json\/wp\/v2\/product\/421","targetHints":{"allow":["GET"]}}],"collection":[{"href":"https:\/\/xpressautotags.com\/es\/wp-json\/wp\/v2\/product"}],"about":[{"href":"https:\/\/xpressautotags.com\/es\/wp-json\/wp\/v2\/types\/product"}],"wp:featuredmedia":[{"embeddable":true,"href":"https:\/\/xpressautotags.com\/es\/wp-json\/wp\/v2\/media\/394"}],"wp:attachment":[{"href":"https:\/\/xpressautotags.com\/es\/wp-json\/wp\/v2\/media?parent=421"}],"wp:term":[{"taxonomy":"product_cat","embeddable":true,"href":"https:\/\/xpressautotags.com\/es\/wp-json\/wp\/v2\/product_cat?post=421"},{"taxonomy":"product_tag","embeddable":true,"href":"https:\/\/xpressautotags.com\/es\/wp-json\/wp\/v2\/product_tag?post=421"}],"curies":[{"name":"wp","href":"https:\/\/api.w.org\/{rel}","templated":true}]}}