{"id":419,"date":"2024-10-04T00:23:15","date_gmt":"2024-10-04T00:23:15","guid":{"rendered":"https:\/\/xpressautotags.com\/?post_type=product&#038;p=419"},"modified":"2025-02-20T03:08:23","modified_gmt":"2025-02-20T03:08:23","slug":"title-conversions-from-all-states-to-florida","status":"publish","type":"product","link":"https:\/\/xpressautotags.com\/es\/product\/title-conversions-from-all-states-to-florida\/","title":{"rendered":"Conversiones de t\u00edtulos de los 50 estados a Florida (debe tener el t\u00edtulo a mano)"},"content":{"rendered":"<p>\u00bfMudando tu veh\u00edculo a Florida? Nos especializamos en convertir t\u00edtulos de veh\u00edculos de cualquiera de los 50 estados a Florida. Con el t\u00edtulo original en mano, nos encargaremos de la documentaci\u00f3n y nos aseguraremos de que su t\u00edtulo cumpla con los requisitos de Florida, para que pueda salir a la calle legalmente en poco tiempo.<\/p>\n<p>Si tienes alguna pregunta o necesitas ayuda, no dudes en contactarnos al <a href=\"tel: 18132365981\"> 813-236-5981<\/a> o enviarnos un mensaje de texto al <a href=\"tel: 18137758547\">813-775-8547<\/a>. Estamos aqu\u00ed para ayudarte!<\/p>","protected":false},"excerpt":{"rendered":"<p>Moving your vehicle to Florida? We specialize in converting vehicle titles from any of the 50 states to Florida. With the original title in hand, we\u2019ll handle the paperwork and ensure your title meets Florida\u2019s requirements, so you can hit the road legally in no time. If you have any questions or need assistance, don\u2019t [&hellip;]<\/p>","protected":false},"featured_media":382,"template":"","meta":[],"product_cat":[21],"product_tag":[],"class_list":{"0":"post-419","1":"product","2":"type-product","3":"status-publish","4":"has-post-thumbnail","6":"product_cat-titles","7":"tm-no-options","9":"first","10":"instock","11":"virtual","12":"taxable","13":"purchasable","14":"product-type-simple"},"yoast_head":"<!-- This site is optimized with the Yoast SEO plugin v24.5 - https:\/\/yoast.com\/wordpress\/plugins\/seo\/ -->\n<title>Title conversions from all 50 states to Florida (you have to have the title on hand) - Xpress Auto Tag<\/title>\n<meta name=\"robots\" content=\"index, follow, max-snippet:-1, max-image-preview:large, max-video-preview:-1\" \/>\n<link rel=\"canonical\" href=\"https:\/\/xpressautotags.com\/es\/product\/title-conversions-from-all-states-to-florida\/\" \/>\n<meta property=\"og:locale\" content=\"es_ES\" \/>\n<meta property=\"og:type\" content=\"article\" \/>\n<meta property=\"og:title\" content=\"Title conversions from all 50 states to Florida (you have to have the title on hand) - Xpress Auto Tag\" \/>\n<meta property=\"og:description\" content=\"Moving your vehicle to Florida? We specialize in converting vehicle titles from any of the 50 states to Florida. With the original title in hand, we\u2019ll handle the paperwork and ensure your title meets Florida\u2019s requirements, so you can hit the road legally in no time. If you have any questions or need assistance, don\u2019t [&hellip;]\" \/>\n<meta property=\"og:url\" content=\"https:\/\/xpressautotags.com\/es\/product\/title-conversions-from-all-states-to-florida\/\" \/>\n<meta property=\"og:site_name\" content=\"Xpress Auto Tag\" \/>\n<meta property=\"article:modified_time\" content=\"2025-02-20T03:08:23+00:00\" \/>\n<meta property=\"og:image\" content=\"https:\/\/xpressautotags.com\/wp-content\/uploads\/2024\/10\/227.webp\" \/>\n\t<meta property=\"og:image:width\" content=\"1000\" \/>\n\t<meta property=\"og:image:height\" content=\"667\" \/>\n\t<meta property=\"og:image:type\" content=\"image\/webp\" \/>\n<meta name=\"twitter:card\" content=\"summary_large_image\" \/>\n<meta name=\"twitter:label1\" content=\"Tiempo de lectura\" \/>\n\t<meta name=\"twitter:data1\" content=\"1 minuto\" \/>\n<script type=\"application\/ld+json\" class=\"yoast-schema-graph\">{\"@context\":\"https:\/\/schema.org\",\"@graph\":[{\"@type\":\"WebPage\",\"@id\":\"https:\/\/xpressautotags.com\/product\/title-conversions-from-all-states-to-florida\/\",\"url\":\"https:\/\/xpressautotags.com\/product\/title-conversions-from-all-states-to-florida\/\",\"name\":\"Title conversions from all 50 states to Florida (you have to have the title on hand) - Xpress Auto Tag\",\"isPartOf\":{\"@id\":\"https:\/\/xpressautotags.com\/#website\"},\"primaryImageOfPage\":{\"@id\":\"https:\/\/xpressautotags.com\/product\/title-conversions-from-all-states-to-florida\/#primaryimage\"},\"image\":{\"@id\":\"https:\/\/xpressautotags.com\/product\/title-conversions-from-all-states-to-florida\/#primaryimage\"},\"thumbnailUrl\":\"https:\/\/xpressautotags.com\/wp-content\/uploads\/2024\/10\/227.webp\",\"datePublished\":\"2024-10-04T00:23:15+00:00\",\"dateModified\":\"2025-02-20T03:08:23+00:00\",\"breadcrumb\":{\"@id\":\"https:\/\/xpressautotags.com\/product\/title-conversions-from-all-states-to-florida\/#breadcrumb\"},\"inLanguage\":\"es\",\"potentialAction\":[{\"@type\":\"ReadAction\",\"target\":[\"https:\/\/xpressautotags.com\/product\/title-conversions-from-all-states-to-florida\/\"]}]},{\"@type\":\"ImageObject\",\"inLanguage\":\"es\",\"@id\":\"https:\/\/xpressautotags.com\/product\/title-conversions-from-all-states-to-florida\/#primaryimage\",\"url\":\"https:\/\/xpressautotags.com\/wp-content\/uploads\/2024\/10\/227.webp\",\"contentUrl\":\"https:\/\/xpressautotags.com\/wp-content\/uploads\/2024\/10\/227.webp\",\"width\":1000,\"height\":667},{\"@type\":\"BreadcrumbList\",\"@id\":\"https:\/\/xpressautotags.com\/product\/title-conversions-from-all-states-to-florida\/#breadcrumb\",\"itemListElement\":[{\"@type\":\"ListItem\",\"position\":1,\"name\":\"Home\",\"item\":\"https:\/\/xpressautotags.com\/\"},{\"@type\":\"ListItem\",\"position\":2,\"name\":\"Shop\",\"item\":\"https:\/\/xpressautotags.com\/shop\/\"},{\"@type\":\"ListItem\",\"position\":3,\"name\":\"Title conversions from all 50 states to Florida (you have to have the title on hand)\"}]},{\"@type\":\"WebSite\",\"@id\":\"https:\/\/xpressautotags.com\/#website\",\"url\":\"https:\/\/xpressautotags.com\/\",\"name\":\"Xpress Auto Tag\",\"description\":\"\",\"publisher\":{\"@id\":\"https:\/\/xpressautotags.com\/#organization\"},\"potentialAction\":[{\"@type\":\"SearchAction\",\"target\":{\"@type\":\"EntryPoint\",\"urlTemplate\":\"https:\/\/xpressautotags.com\/?s={search_term_string}\"},\"query-input\":{\"@type\":\"PropertyValueSpecification\",\"valueRequired\":true,\"valueName\":\"search_term_string\"}}],\"inLanguage\":\"es\"},{\"@type\":\"Organization\",\"@id\":\"https:\/\/xpressautotags.com\/#organization\",\"name\":\"Xpress Auto Tag\",\"url\":\"https:\/\/xpressautotags.com\/\",\"logo\":{\"@type\":\"ImageObject\",\"inLanguage\":\"es\",\"@id\":\"https:\/\/xpressautotags.com\/#\/schema\/logo\/image\/\",\"url\":\"https:\/\/xpressautotags.com\/wp-content\/uploads\/2024\/12\/cropped-Xpress-Auto-Tag-Logo-08-e1734630989455.png\",\"contentUrl\":\"https:\/\/xpressautotags.com\/wp-content\/uploads\/2024\/12\/cropped-Xpress-Auto-Tag-Logo-08-e1734630989455.png\",\"width\":100,\"height\":100,\"caption\":\"Xpress Auto Tag\"},\"image\":{\"@id\":\"https:\/\/xpressautotags.com\/#\/schema\/logo\/image\/\"}}]}<\/script>\n<!-- \/ Yoast SEO plugin. -->","yoast_head_json":{"title":"Title conversions from all 50 states to Florida (you have to have the title on hand) - Xpress Auto Tag","robots":{"index":"index","follow":"follow","max-snippet":"max-snippet:-1","max-image-preview":"max-image-preview:large","max-video-preview":"max-video-preview:-1"},"canonical":"https:\/\/xpressautotags.com\/es\/product\/title-conversions-from-all-states-to-florida\/","og_locale":"es_ES","og_type":"article","og_title":"Title conversions from all 50 states to Florida (you have to have the title on hand) - Xpress Auto Tag","og_description":"Moving your vehicle to Florida? We specialize in converting vehicle titles from any of the 50 states to Florida. With the original title in hand, we\u2019ll handle the paperwork and ensure your title meets Florida\u2019s requirements, so you can hit the road legally in no time. If you have any questions or need assistance, don\u2019t [&hellip;]","og_url":"https:\/\/xpressautotags.com\/es\/product\/title-conversions-from-all-states-to-florida\/","og_site_name":"Xpress Auto Tag","article_modified_time":"2025-02-20T03:08:23+00:00","og_image":[{"width":1000,"height":667,"url":"https:\/\/xpressautotags.com\/wp-content\/uploads\/2024\/10\/227.webp","type":"image\/webp"}],"twitter_card":"summary_large_image","twitter_misc":{"Tiempo de lectura":"1 minuto"},"schema":{"@context":"https:\/\/schema.org","@graph":[{"@type":"WebPage","@id":"https:\/\/xpressautotags.com\/product\/title-conversions-from-all-states-to-florida\/","url":"https:\/\/xpressautotags.com\/product\/title-conversions-from-all-states-to-florida\/","name":"Title conversions from all 50 states to Florida (you have to have the title on hand) - Xpress Auto Tag","isPartOf":{"@id":"https:\/\/xpressautotags.com\/#website"},"primaryImageOfPage":{"@id":"https:\/\/xpressautotags.com\/product\/title-conversions-from-all-states-to-florida\/#primaryimage"},"image":{"@id":"https:\/\/xpressautotags.com\/product\/title-conversions-from-all-states-to-florida\/#primaryimage"},"thumbnailUrl":"https:\/\/xpressautotags.com\/wp-content\/uploads\/2024\/10\/227.webp","datePublished":"2024-10-04T00:23:15+00:00","dateModified":"2025-02-20T03:08:23+00:00","breadcrumb":{"@id":"https:\/\/xpressautotags.com\/product\/title-conversions-from-all-states-to-florida\/#breadcrumb"},"inLanguage":"es","potentialAction":[{"@type":"ReadAction","target":["https:\/\/xpressautotags.com\/product\/title-conversions-from-all-states-to-florida\/"]}]},{"@type":"ImageObject","inLanguage":"es","@id":"https:\/\/xpressautotags.com\/product\/title-conversions-from-all-states-to-florida\/#primaryimage","url":"https:\/\/xpressautotags.com\/wp-content\/uploads\/2024\/10\/227.webp","contentUrl":"https:\/\/xpressautotags.com\/wp-content\/uploads\/2024\/10\/227.webp","width":1000,"height":667},{"@type":"BreadcrumbList","@id":"https:\/\/xpressautotags.com\/product\/title-conversions-from-all-states-to-florida\/#breadcrumb","itemListElement":[{"@type":"ListItem","position":1,"name":"Home","item":"https:\/\/xpressautotags.com\/"},{"@type":"ListItem","position":2,"name":"Shop","item":"https:\/\/xpressautotags.com\/shop\/"},{"@type":"ListItem","position":3,"name":"Title conversions from all 50 states to Florida (you have to have the title on hand)"}]},{"@type":"WebSite","@id":"https:\/\/xpressautotags.com\/#website","url":"https:\/\/xpressautotags.com\/","name":"Xpress Auto Tag","description":"","publisher":{"@id":"https:\/\/xpressautotags.com\/#organization"},"potentialAction":[{"@type":"SearchAction","target":{"@type":"EntryPoint","urlTemplate":"https:\/\/xpressautotags.com\/?s={search_term_string}"},"query-input":{"@type":"PropertyValueSpecification","valueRequired":true,"valueName":"search_term_string"}}],"inLanguage":"es"},{"@type":"Organization","@id":"https:\/\/xpressautotags.com\/#organization","name":"Xpress Auto Tag","url":"https:\/\/xpressautotags.com\/","logo":{"@type":"ImageObject","inLanguage":"es","@id":"https:\/\/xpressautotags.com\/#\/schema\/logo\/image\/","url":"https:\/\/xpressautotags.com\/wp-content\/uploads\/2024\/12\/cropped-Xpress-Auto-Tag-Logo-08-e1734630989455.png","contentUrl":"https:\/\/xpressautotags.com\/wp-content\/uploads\/2024\/12\/cropped-Xpress-Auto-Tag-Logo-08-e1734630989455.png","width":100,"height":100,"caption":"Xpress Auto Tag"},"image":{"@id":"https:\/\/xpressautotags.com\/#\/schema\/logo\/image\/"}}]}},"_links":{"self":[{"href":"https:\/\/xpressautotags.com\/es\/wp-json\/wp\/v2\/product\/419","targetHints":{"allow":["GET"]}}],"collection":[{"href":"https:\/\/xpressautotags.com\/es\/wp-json\/wp\/v2\/product"}],"about":[{"href":"https:\/\/xpressautotags.com\/es\/wp-json\/wp\/v2\/types\/product"}],"wp:featuredmedia":[{"embeddable":true,"href":"https:\/\/xpressautotags.com\/es\/wp-json\/wp\/v2\/media\/382"}],"wp:attachment":[{"href":"https:\/\/xpressautotags.com\/es\/wp-json\/wp\/v2\/media?parent=419"}],"wp:term":[{"taxonomy":"product_cat","embeddable":true,"href":"https:\/\/xpressautotags.com\/es\/wp-json\/wp\/v2\/product_cat?post=419"},{"taxonomy":"product_tag","embeddable":true,"href":"https:\/\/xpressautotags.com\/es\/wp-json\/wp\/v2\/product_tag?post=419"}],"curies":[{"name":"wp","href":"https:\/\/api.w.org\/{rel}","templated":true}]}}